{"id":10,"date":"2025-08-13T00:48:46","date_gmt":"2025-08-12T22:48:46","guid":{"rendered":"https:\/\/sublimerestaurante.com\/?page_id=10"},"modified":"2025-09-01T18:50:34","modified_gmt":"2025-09-01T16:50:34","slug":"nosotros","status":"publish","type":"page","link":"https:\/\/sublimerestaurante.com\/en\/nosotros\/","title":{"rendered":"NUESTRA HISTORIA"},"content":{"rendered":"\n<p>Somos un restaurante que cuenta historias para despertar y contagiar el orgullo de ser guatemaltecos.<\/p>\n\n\n\n<p>So\u00f1amos con mostrarle al mundo nuestra Guatemala y sabemos que para lograrlo es importante que los guatemaltecos conozcamos y apreciemos lo nuestro.<\/p>\n\n\n\n<p>En este pedacito de tierra bendito con m\u00e1s de 360 microclimas y m\u00e1s de 35 volcanes crece una inmensa diversidad de ingredientes y esto se refleja en la riqueza de nuestra gastronom\u00eda. Y esta gastronom\u00eda nace de una cultura milenaria y viva, compartirla es un orgullo.<\/p>\n","protected":false},"excerpt":{"rendered":"<p>Somos un restaurante que cuenta historias para despertar y contagiar el orgullo de ser guatemaltecos. So\u00f1amos con mostrarle al mundo nuestra Guatemala y sabemos que para lograrlo es importante que los guatemaltecos conozcamos y apreciemos lo nuestro. En este pedacito de tierra bendito con m\u00e1s de 360 microclimas y m\u00e1s de 35 volcanes crece una [&hellip;]<\/p>\n","protected":false},"author":1,"featured_media":0,"parent":0,"menu_order":0,"comment_status":"closed","ping_status":"closed","template":"","meta":{"footnotes":""},"class_list":["post-10","page","type-page","status-publish","hentry"],"_links":{"self":[{"href":"https:\/\/sublimerestaurante.com\/en\/wp-json\/wp\/v2\/pages\/10","targetHints":{"allow":["GET"]}}],"collection":[{"href":"https:\/\/sublimerestaurante.com\/en\/wp-json\/wp\/v2\/pages"}],"about":[{"href":"https:\/\/sublimerestaurante.com\/en\/wp-json\/wp\/v2\/types\/page"}],"author":[{"embeddable":true,"href":"https:\/\/sublimerestaurante.com\/en\/wp-json\/wp\/v2\/users\/1"}],"replies":[{"embeddable":true,"href":"https:\/\/sublimerestaurante.com\/en\/wp-json\/wp\/v2\/comments?post=10"}],"version-history":[{"count":4,"href":"https:\/\/sublimerestaurante.com\/en\/wp-json\/wp\/v2\/pages\/10\/revisions"}],"predecessor-version":[{"id":85,"href":"https:\/\/sublimerestaurante.com\/en\/wp-json\/wp\/v2\/pages\/10\/revisions\/85"}],"wp:attachment":[{"href":"https:\/\/sublimerestaurante.com\/en\/wp-json\/wp\/v2\/media?parent=10"}],"curies":[{"name":"wp","href":"https:\/\/api.w.org\/{rel}","templated":true}]}}