{"id":22,"date":"2025-08-13T00:53:16","date_gmt":"2025-08-12T22:53:16","guid":{"rendered":"https:\/\/sublimerestaurante.com\/?page_id=22"},"modified":"2025-10-08T00:02:19","modified_gmt":"2025-10-07T22:02:19","slug":"investigacion","status":"publish","type":"page","link":"https:\/\/sublimerestaurante.com\/en\/investigacion\/","title":{"rendered":"Investigaci\u00f3n"},"content":{"rendered":"\n<h3 class=\"wp-block-heading text-gold text-uppercase text-md\">INSPIRADOS<\/h3>\n\n\n\n<h2 class=\"wp-block-heading text-lg text-gold valky letter-spacing-10\">EN EL TIEMPO<\/h2>\n\n\n\n<div id=\"time_line\" class=\"mb-5\">\n                        <div class=\"time-line-container\">\n                            <a class=\"d-block px-2\" href=\"https:\/\/sublimerestaurante.com\/en\/investigation\/temporada-v\/\">\n                                <div class=\"d-flex justify-content-around time-lines mb-3\">\n                                    <div class=\"bg-gold\"><\/div>\n                                    <div class=\"bg-gold\"><\/div>\n                                    <div class=\"bg-gold\"><\/div>\n                                    <div class=\"bg-gold\"><\/div>\n                                    <div class=\"bg-gold\"><\/div>\n                                <\/div>\n                                <div class=\"time-line-dot mx-auto d-flex justify-content-center align-items-center rounded-circle border border-gold mb-4\"><\/div>\n                                <h2 class=\"text-md text-center text-gold text-uppercase\">TEMPORADA V<\/h2>\n                            <\/a>\n                       <\/div>\n                      <div class=\"time-line-container\">\n                            <a class=\"d-block px-2\" href=\"https:\/\/sublimerestaurante.com\/en\/investigation\/temporada-iv\/\">\n                                <div class=\"d-flex justify-content-around time-lines mb-3\">\n                                    <div class=\"bg-gold\"><\/div>\n                                    <div class=\"bg-gold\"><\/div>\n                                    <div class=\"bg-gold\"><\/div>\n                                    <div class=\"bg-gold\"><\/div>\n                                    <div class=\"bg-gold\"><\/div>\n                                <\/div>\n                                <div class=\"time-line-dot mx-auto d-flex justify-content-center align-items-center rounded-circle border border-gold mb-4\"><\/div>\n                                <h2 class=\"text-md text-center text-gold text-uppercase\">TEMPORADA IV<\/h2>\n                            <\/a>\n                       <\/div>\n                      <div class=\"time-line-container\">\n                            <a class=\"d-block px-2\" href=\"https:\/\/sublimerestaurante.com\/en\/investigation\/temporada-iii\/\">\n                                <div class=\"d-flex justify-content-around time-lines mb-3\">\n                                    <div class=\"bg-gold\"><\/div>\n                                    <div class=\"bg-gold\"><\/div>\n                                    <div class=\"bg-gold\"><\/div>\n                                    <div class=\"bg-gold\"><\/div>\n                                    <div class=\"bg-gold\"><\/div>\n                                <\/div>\n                                <div class=\"time-line-dot mx-auto d-flex justify-content-center align-items-center rounded-circle border border-gold mb-4\"><\/div>\n                                <h2 class=\"text-md text-center text-gold text-uppercase\">TEMPORADA III<\/h2>\n                            <\/a>\n                       <\/div>\n                      <div class=\"time-line-container\">\n                            <a class=\"d-block px-2\" href=\"https:\/\/sublimerestaurante.com\/en\/investigation\/temporada-ii\/\">\n                                <div class=\"d-flex justify-content-around time-lines mb-3\">\n                                    <div class=\"bg-gold\"><\/div>\n                                    <div class=\"bg-gold\"><\/div>\n                                    <div class=\"bg-gold\"><\/div>\n                                    <div class=\"bg-gold\"><\/div>\n                                    <div class=\"bg-gold\"><\/div>\n                                <\/div>\n                                <div class=\"time-line-dot mx-auto d-flex justify-content-center align-items-center rounded-circle border border-gold mb-4\"><\/div>\n                                <h2 class=\"text-md text-center text-gold text-uppercase\">TEMPORADA II<\/h2>\n                            <\/a>\n                       <\/div>\n                      <div class=\"time-line-container\">\n                            <a class=\"d-block px-2\" href=\"https:\/\/sublimerestaurante.com\/en\/investigation\/temporada-i\/\">\n                                <div class=\"d-flex justify-content-around time-lines mb-3\">\n                                    <div class=\"bg-gold\"><\/div>\n                                    <div class=\"bg-gold\"><\/div>\n                                    <div class=\"bg-gold\"><\/div>\n                                    <div class=\"bg-gold\"><\/div>\n                                    <div class=\"bg-gold\"><\/div>\n                                <\/div>\n                                <div class=\"time-line-dot mx-auto d-flex justify-content-center align-items-center rounded-circle border border-gold mb-4\"><\/div>\n                                <h2 class=\"text-md text-center text-gold text-uppercase\">TEMPORADA I<\/h2>\n                            <\/a>\n                       <\/div>\n                      \n                     <\/div>\n                       <div id=\"time_line_items_container\" class=\"position-relative pb-5\">\n                            <div id=\"time_line_items\">\n                                <div>\n                        <a class=\"d-block px-0 px-md-2\" href=\"https:\/\/sublimerestaurante.com\/en\/investigation\/temporada-v\/\">\n                            <img decoding=\"async\" class=\"d-block w-100 h-auto mb-5\" src=\"https:\/\/sublimerestaurante.com\/wp-content\/uploads\/2025\/10\/Sublime-Evolucio\u2560un_03.jpg\">\n                            <div class=\"pr-4 pr-md-4 pl-4 pl-md-0 text-gold\">\n                                <h3 class=\"text-md text-uppercase mb-4\">NUESTRA TIERRA<\/h3>\n                                <hr class=\"custom-hr border-top border-gold my-4 ml-0 mb-4\">\n                                <h4 class=\"valky text-md text-uppercase letter-spacing-7 mb-4\">CONTAMOS HISTORIAS<\/h4>\n                                <div class=\"text-justify last-p-mb-0 mb-4\">\n                                    <p>Inspirado en distintos lugares de Guatemala que evocan sentimientos y recuerdos en los guatemaltecos y en las personas que conocen el pa\u00eds.<\/p>\n\n                                <\/div>\n                                <div>\n                                    <p class=\"text-gold text-decoration-underline\">LEER M\u00c1S<\/p>\n                                <\/div>\n                            <\/div>\n                        <\/a>\n                   <\/div>\n                  <div>\n                        <a class=\"d-block px-0 px-md-2\" href=\"https:\/\/sublimerestaurante.com\/en\/investigation\/temporada-iv\/\">\n                            <img decoding=\"async\" class=\"d-block w-100 h-auto mb-5\" src=\"https:\/\/sublimerestaurante.com\/wp-content\/uploads\/2025\/10\/Sublime-Evolucio\u2560un_06.jpg\">\n                            <div class=\"pr-4 pr-md-4 pl-4 pl-md-0 text-gold\">\n                                <h3 class=\"text-md text-uppercase mb-4\">CONEXI\u00d3N<\/h3>\n                                <hr class=\"custom-hr border-top border-gold my-4 ml-0 mb-4\">\n                                <h4 class=\"valky text-md text-uppercase letter-spacing-7 mb-4\">RECORRER Y RECORDAR<\/h4>\n                                <div class=\"text-justify last-p-mb-0 mb-4\">\n                                    <p>Este men\u00fa busc\u00f3 integrar lugares de Guatemala al hilo conductor del tiempo y la historia. Esto con el fin de transportar a los comensales a reconocer espacios.<\/p>\n\n                                <\/div>\n                                <div>\n                                    <p class=\"text-gold text-decoration-underline\">LEER M\u00c1S<\/p>\n                                <\/div>\n                            <\/div>\n                        <\/a>\n                   <\/div>\n                  <div>\n                        <a class=\"d-block px-0 px-md-2\" href=\"https:\/\/sublimerestaurante.com\/en\/investigation\/temporada-iii\/\">\n                            <img decoding=\"async\" class=\"d-block w-100 h-auto mb-5\" src=\"https:\/\/sublimerestaurante.com\/wp-content\/uploads\/2025\/10\/Sublime-Pagina-Web-2025_08.jpg\">\n                            <div class=\"pr-4 pr-md-4 pl-4 pl-md-0 text-gold\">\n                                <h3 class=\"text-md text-uppercase mb-4\">REFORMAR<\/h3>\n                                <hr class=\"custom-hr border-top border-gold my-4 ml-0 mb-4\">\n                                <h4 class=\"valky text-md text-uppercase letter-spacing-7 mb-4\">BICENTENARIO<\/h4>\n                                <div class=\"text-justify last-p-mb-0 mb-4\">\n                                    <p>Nos inspiramos en contar historias, dejar huella y cuidar cada parte del proceso para llegar a una obra maestra que fue recordada con agrado.<\/p>\n\n                                <\/div>\n                                <div>\n                                    <p class=\"text-gold text-decoration-underline\">LEER M\u00c1S<\/p>\n                                <\/div>\n                            <\/div>\n                        <\/a>\n                   <\/div>\n                  <div>\n                        <a class=\"d-block px-0 px-md-2\" href=\"https:\/\/sublimerestaurante.com\/en\/investigation\/temporada-ii\/\">\n                            <img decoding=\"async\" class=\"d-block w-100 h-auto mb-5\" src=\"https:\/\/sublimerestaurante.com\/wp-content\/uploads\/2025\/10\/Sublime-Pagina-Web-2025_06.jpg\">\n                            <div class=\"pr-4 pr-md-4 pl-4 pl-md-0 text-gold\">\n                                <h3 class=\"text-md text-uppercase mb-4\">RE-VIVE LA HISTORIA<\/h3>\n                                <hr class=\"custom-hr border-top border-gold my-4 ml-0 mb-4\">\n                                <h4 class=\"valky text-md text-uppercase letter-spacing-7 mb-4\">ORIGEN Y VISI\u00d3N<\/h4>\n                                <div class=\"text-justify last-p-mb-0 mb-4\">\n                                    <p>En 2020 rendimos homenaje al origen de nuestros sabores y a la visi\u00f3n de una cocina que evoluciona con el tiempo. Cada plato cont\u00f3 historias y viajes entre generaciones.<\/p>\n\n                                <\/div>\n                                <div>\n                                    <p class=\"text-gold text-decoration-underline\">LEER M\u00c1S<\/p>\n                                <\/div>\n                            <\/div>\n                        <\/a>\n                   <\/div>\n                  <div>\n                        <a class=\"d-block px-0 px-md-2\" href=\"https:\/\/sublimerestaurante.com\/en\/investigation\/temporada-i\/\">\n                            <img decoding=\"async\" class=\"d-block w-100 h-auto mb-5\" src=\"https:\/\/sublimerestaurante.com\/wp-content\/uploads\/2025\/09\/Sublime-Pagina-Web-2025_03-1.jpg\">\n                            <div class=\"pr-4 pr-md-4 pl-4 pl-md-0 text-gold\">\n                                <h3 class=\"text-md text-uppercase mb-4\">CELEBRAMOS NUESTRA TIERRA<\/h3>\n                                <hr class=\"custom-hr border-top border-gold my-4 ml-0 mb-4\">\n                                <h4 class=\"valky text-md text-uppercase letter-spacing-7 mb-4\">TRADICI\u00d3N Y EVOLUCI\u00d3N<\/h4>\n                                <div class=\"text-justify last-p-mb-0 mb-4\">\n                                    <p>En 2019 fusionamos la tradici\u00f3n culinaria con la evoluci\u00f3n de los sabores. Nuestro men\u00fa a la carta y de degustaci\u00f3n celebraron lo mejor de la gastronom\u00eda guatemalteca.<\/p>\n\n                                <\/div>\n                                <div>\n                                    <p class=\"text-gold text-decoration-underline\">LEER M\u00c1S<\/p>\n                                <\/div>\n                            <\/div>\n                        <\/a>\n                   <\/div>\n                  \n                           <\/div>\n                       <\/div>\n                      \n\n\n\n<p><\/p>\n","protected":false},"excerpt":{"rendered":"<p>INSPIRADOS EN EL TIEMPO<\/p>\n","protected":false},"author":1,"featured_media":0,"parent":0,"menu_order":0,"comment_status":"closed","ping_status":"closed","template":"","meta":{"footnotes":""},"class_list":["post-22","page","type-page","status-publish","hentry"],"_links":{"self":[{"href":"https:\/\/sublimerestaurante.com\/en\/wp-json\/wp\/v2\/pages\/22","targetHints":{"allow":["GET"]}}],"collection":[{"href":"https:\/\/sublimerestaurante.com\/en\/wp-json\/wp\/v2\/pages"}],"about":[{"href":"https:\/\/sublimerestaurante.com\/en\/wp-json\/wp\/v2\/types\/page"}],"author":[{"embeddable":true,"href":"https:\/\/sublimerestaurante.com\/en\/wp-json\/wp\/v2\/users\/1"}],"replies":[{"embeddable":true,"href":"https:\/\/sublimerestaurante.com\/en\/wp-json\/wp\/v2\/comments?post=22"}],"version-history":[{"count":4,"href":"https:\/\/sublimerestaurante.com\/en\/wp-json\/wp\/v2\/pages\/22\/revisions"}],"predecessor-version":[{"id":182,"href":"https:\/\/sublimerestaurante.com\/en\/wp-json\/wp\/v2\/pages\/22\/revisions\/182"}],"wp:attachment":[{"href":"https:\/\/sublimerestaurante.com\/en\/wp-json\/wp\/v2\/media?parent=22"}],"curies":[{"name":"wp","href":"https:\/\/api.w.org\/{rel}","templated":true}]}}