{"id":26,"date":"2025-08-13T00:53:39","date_gmt":"2025-08-12T22:53:39","guid":{"rendered":"https:\/\/sublimerestaurante.com\/?page_id=26"},"modified":"2026-04-16T04:23:01","modified_gmt":"2026-04-16T02:23:01","slug":"contacto","status":"publish","type":"page","link":"https:\/\/sublimerestaurante.com\/en\/contacto\/","title":{"rendered":"Contacto"},"content":{"rendered":"\n<h3 class=\"wp-block-heading mb-4\">DIRECCI\u00d3N<\/h3>\n\n\n\n<p class=\"mb-4\">12 calle 4-15 zona 14<br>Ciudad de Guatemala<\/p>\n\n\n\n<h3 class=\"wp-block-heading mb-4\">TEL\u00c9FONO<\/h3>\n\n\n\n<p class=\"mb-4\">W. 5000-4442<\/p>\n\n\n\n<h3 class=\"wp-block-heading mb-4\">CORREO ELECTR\u00d3NICO<\/h3>\n\n\n\n<p class=\"mb-4\">sublime@arteygastronomia.com<\/p>\n\n\n\n<h3 class=\"wp-block-heading mb-4\">HORARIOS<\/h3>\n\n\n\n<p class=\"mb-4\">Lunes a s\u00e1bado<br>12:30 a 15:00 hrs.<br>19:00 a 22:00 hrs.<\/p>\n\n\n\n<h3 class=\"wp-block-heading mb-4\">SOMOS GRUPO SUBLIME<\/h3>\n\n\n\n<figure class=\"wp-block-image size-full mb-4\"><img loading=\"lazy\" decoding=\"async\" width=\"684\" height=\"64\" src=\"https:\/\/sublimerestaurante.com\/wp-content\/uploads\/2025\/09\/Sublime-Pagina-Web-2025_06.png\" alt=\"\" class=\"wp-image-102\" srcset=\"https:\/\/sublimerestaurante.com\/wp-content\/uploads\/2025\/09\/Sublime-Pagina-Web-2025_06.png 684w, https:\/\/sublimerestaurante.com\/wp-content\/uploads\/2025\/09\/Sublime-Pagina-Web-2025_06-300x28.png 300w\" sizes=\"auto, (max-width: 684px) 100vw, 684px\" \/><\/figure>\n\n\n\n<h3 class=\"wp-block-heading mb-4\">ENCU\u00c9NTRANOS EN<\/h3>\n\n\n\n<ul id=\"menu-social\" class=\"list-unstyled mb-0 d-flex\"><li><a target=\"_blank\" href=\"https:\/\/www.instagram.com\/sublimerestaurantegt\/\" class=\"px-1 d-block\"><img decoding=\"async\" class=\"d-block h-auto\" width=\"42\" src=\"https:\/\/sublimerestaurante.com\/wp-content\/uploads\/2025\/09\/Sublime-Pagina-Web-2025_10.png\" alt=\"#104 (no title)\"><\/a><\/li>\n<li><a target=\"_blank\" href=\"https:\/\/www.facebook.com\/sublimerestaurantegt\" class=\"px-1 d-block\"><img decoding=\"async\" class=\"d-block h-auto\" width=\"42\" src=\"https:\/\/sublimerestaurante.com\/wp-content\/uploads\/2025\/09\/Sublime-Pagina-Web-2025_12.png\" alt=\"#105 (no title)\"><\/a><\/li>\n<li><a target=\"_blank\" href=\"https:\/\/www.youtube.com\/@sublimerestaurante5179\" class=\"px-1 d-block\"><img decoding=\"async\" class=\"d-block h-auto\" width=\"42\" src=\"https:\/\/sublimerestaurante.com\/wp-content\/uploads\/2025\/09\/Sublime-Pagina-Web-2025_14.png\" alt=\"#106 (no title)\"><\/a><\/li>\n<li><a target=\"_blank\" href=\"https:\/\/www.waze.com\/es-419\/live-map\/directions\/sublime-12-calle-zona-14,-guatemala?to=place.w.176619666.1766065586.17452538\" class=\"px-1 d-block\"><img decoding=\"async\" class=\"d-block h-auto\" width=\"42\" src=\"https:\/\/sublimerestaurante.com\/wp-content\/uploads\/2025\/09\/Sublime-Pagina-Web-2025_16.png\" alt=\"#107 (no title)\"><\/a><\/li>\n<\/ul>\n","protected":false},"excerpt":{"rendered":"<p>DIRECCI\u00d3N 12 calle 4-15 zona 14Ciudad de Guatemala TEL\u00c9FONO W. 5000-4442 CORREO ELECTR\u00d3NICO sublime@arteygastronomia.com HORARIOS Lunes a s\u00e1bado12:30 a 15:00 hrs.19:00 a 22:00 hrs. SOMOS GRUPO SUBLIME ENCU\u00c9NTRANOS EN<\/p>\n","protected":false},"author":1,"featured_media":383,"parent":0,"menu_order":0,"comment_status":"closed","ping_status":"closed","template":"","meta":{"footnotes":""},"class_list":["post-26","page","type-page","status-publish","has-post-thumbnail","hentry"],"_links":{"self":[{"href":"https:\/\/sublimerestaurante.com\/en\/wp-json\/wp\/v2\/pages\/26","targetHints":{"allow":["GET"]}}],"collection":[{"href":"https:\/\/sublimerestaurante.com\/en\/wp-json\/wp\/v2\/pages"}],"about":[{"href":"https:\/\/sublimerestaurante.com\/en\/wp-json\/wp\/v2\/types\/page"}],"author":[{"embeddable":true,"href":"https:\/\/sublimerestaurante.com\/en\/wp-json\/wp\/v2\/users\/1"}],"replies":[{"embeddable":true,"href":"https:\/\/sublimerestaurante.com\/en\/wp-json\/wp\/v2\/comments?post=26"}],"version-history":[{"count":9,"href":"https:\/\/sublimerestaurante.com\/en\/wp-json\/wp\/v2\/pages\/26\/revisions"}],"predecessor-version":[{"id":389,"href":"https:\/\/sublimerestaurante.com\/en\/wp-json\/wp\/v2\/pages\/26\/revisions\/389"}],"wp:featuredmedia":[{"embeddable":true,"href":"https:\/\/sublimerestaurante.com\/en\/wp-json\/wp\/v2\/media\/383"}],"wp:attachment":[{"href":"https:\/\/sublimerestaurante.com\/en\/wp-json\/wp\/v2\/media?parent=26"}],"curies":[{"name":"wp","href":"https:\/\/api.w.org\/{rel}","templated":true}]}}